{"id":8407,"date":"2022-10-12T15:46:23","date_gmt":"2022-10-12T15:46:23","guid":{"rendered":"https:\/\/www.augenaerzte-wetzikon.ch\/augenarzt\/?page_id=8407"},"modified":"2024-08-29T09:25:56","modified_gmt":"2024-08-29T09:25:56","slug":"datenschutzerklaerung","status":"publish","type":"page","link":"https:\/\/www.augenaerzte-wetzikon.ch\/augenarzt\/datenschutzerklaerung\/","title":{"rendered":"Datenschutzerkl\u00e4rung und Cookie-Richtlinie"},"content":{"rendered":"<div class=\"title-block mb120 mt120\"><div class=\"container\"><div class=\"content\"><div class=\"title-block-wrap max1400\"><div class=\"title-block__title\"><h1>Datenschutzerkl\u00e4rung<\/h1><\/div><\/div><\/div><\/div><\/div>\n\n<div class=\"title-content-block container1364 mb120 mt120\"><div class=\"container\"><div class=\"content\"><div class=\"mt24 mb24 max830 preloaded__content fade\"><p>Wir, die Augenarzt-Praxisgemeinschaft Gutblick AG und die Gutblick Augengesundheit AG (beide Zentrum Staldenbach 8, 8808 Pf\u00e4ffikon SZ, Schweiz), nachfolgend gemeinsam als \u00abGutblick\u00bb bezeichnet, verstehen, dass Ihnen der Schutz Ihrer Privatsph\u00e4re wichtig ist und dass Sie sich daf\u00fcr interessieren, wie Ihre personenbezogene Daten genutzt und weitergegeben werden.<\/p>\n<\/div><div class=\"mt24 mb24 max830 preloaded__content fade\"><p>Wir bearbeiten Personendaten nur in \u00dcbereinstimmung mit dem anwendbaren Datenschutzrecht, einschliesslich dem Schweizerischen Bundesgesetz \u00fcber den Datenschutz (\u00abDSG\u00bb), in der jeweils aktuellen Fassung und, soweit relevant, der EU-Datenschutzgrundverordnung (\u00abDSGVO\u00bb) (zusammen \u00abDatenschutzgesetzgebung\u00bb). Aus diesen Gr\u00fcnden informieren wir Sie gerne \u00fcber unsere Datenbearbeitung, die wir im Kontakt mit Ihnen vornehmen.<\/p>\n<\/div><div class=\"mt24 mb24 max830 preloaded__content fade\"><h2>Wer ist f\u00fcr die Bearbeitung Ihrer Daten verantwortlich?<\/h2>\n<p>Die vorliegende Datenschutzerkl\u00e4rung bezieht sich auf die Bearbeitung von Personendaten durch eine oder beide der folgenden Gesellschaften der Gutblick Gruppe:<\/br><br \/>\n<strong>Augenarzt-Praxisgemeinschaft Gutblick AG<br \/>\nZentrum Staldenbach 8<br \/>\n8808 Pf\u00e4ffikon SZ<br \/>\n<a href=\"mailto:datenschutz@gutblick.ch\">datenschutz@gutblick.ch<\/a><\/strong><\/br><br \/>\n<strong>Gutblick Augengesundheit AG<br \/>\nZentrum Staldenbach 8<br \/>\n8808 Pf\u00e4ffikon SZ<br \/>\n<a href=\"mailto:datenschutz@gutblick.ch\">datenschutz@gutblick.ch<\/a><\/strong><br \/>\n<\/br><br \/>\nF\u00fcr die Bearbeitung Ihrer Daten ist, soweit nicht anders kommuniziert, jeweils jene der beiden Gesellschaften verantwortlich, mit der Sie in einer vertraglichen Beziehung stehen, mit der Sie Ihre Daten aus anderen Gr\u00fcnden teilen oder mit der Sie anderweitig interagieren.<\/p>\n<\/div><div class=\"mt24 mb24 max830 preloaded__content fade\"><h2>Wie erheben wir Personendaten?<\/h2>\n<\/div><div class=\"mt24 mb24 max830 preloaded__content fade\"><p>Personendaten sind Daten, die dazu genutzt werden k\u00f6nnen, Sie zu identifizieren oder die Ihnen anderweitig zugewiesen werden k\u00f6nnen. Wir bearbeiten Personendaten, die Sie und Dritte uns freiwillig zukommen lassen, z.B. wenn Sie unsere Dienstleistungen in Anspruch nehmen, Anmeldeformulare ausf\u00fcllen, wenn Sie uns durch Ihren Hausarzt oder einen anderen Arzt zugewiesen werden, mit uns \u00fcber E-Mail oder andere Kommunikationsmittel in Kontakt stehen, wenn Sie sich auf eine Stelle bei uns bewerben, wenn Sie sich f\u00fcr unsere periodischen Newsletter und \u00e4hnliche Kommunikationen anmelden oder diese zugestellt erhalten m\u00f6chten.<\/p>\n<\/div><div class=\"mt24 mb24 max830 preloaded__content fade\"><p>Bitte beachten Sie, dass Sie verantwortlich sind, allf\u00e4llige Zustimmungen von Dritten einzuholen, bevor Sie uns entsprechende Personendaten zu Drittpersonen (z.B. Kontaktangaben Ihrer Familienangeh\u00f6rigen) mitteilen.<\/p>\n<\/div><div class=\"mt24 mb24 max830 preloaded__content fade\"><h2>Welche Kategorien von Personendaten bearbeiten wir?<\/h2>\n<p>Zu den wichtigsten Kategorien von Personendaten, die wir bearbeiten, k\u00f6nnen insbesondere geh\u00f6ren:<\/p>\n<\/div><div class=\"mt24 mb24 max830\"><ul><li class=\"mb24\"><p>Stammdaten (wie Name, Vorname, E-Mail-Adresse, Telefonnummern, Berufsbezeichnung, Gesch\u00e4fts- und Privatadressen, AHV-Nummer)<\/p><\/li><li class=\"mb24\"><p>Zahlungsinformationen (wie Kreditkarten- oder Bankkontoangaben)<\/p><\/li><li class=\"mb24\"><p>Identit\u00e4tsdokumente<\/p><\/li><li class=\"mb24\"><p>Gesundheitsdaten (wie Anamnese, Diagnosen, bildgebende Materialien etc.)<\/p><\/li><li class=\"mb24\"><p>Verbindungen zu nahestehenden Personen (wie Angaben zu Notfallkontakten)<\/p><\/li><li class=\"mb24\"><p>falls Sie sich bei uns beworben haben: Bewerbungsunterlagen (wie Lebenslauf, Leistungsbeurteilungen, Zeugnisse, Fotografien etc.).\r\n<\/p><\/li><\/ul><\/div><div class=\"mt24 mb24 max830 preloaded__content fade\"><h2>F\u00fcr welche Zwecke bearbeiten wir Ihre Personendaten?<\/h2>\n<p>Wir verwenden Ihre Personendaten,<\/p>\n<\/div><div class=\"mt24 mb24 max830\"><ul><li class=\"mb24\"><p>um die medizinische Betreuung, Beratung und Behandlung vorzunehmen<\/p><\/li><li class=\"mb24\"><p>um mit Ihnen Kontakt aufzunehmen oder Anfragen von Ihnen zu beantworten<\/p><\/li><li class=\"mb24\"><p>zur Erf\u00fcllung der Vertr\u00e4ge, die wir mit Ihnen abgeschlossen haben oder abzuschliessen beabsichtigen<\/p><\/li><li class=\"mb24\"><p>zur Qualit\u00e4tssicherung sowie zu Kommunikationszwecken, z.B. f\u00fcr den Versand von Informationsschreiben, von Newslettern, Patientenbefragungen, Einladungen zu Veranstaltungen oder Vortr\u00e4gen, Festtagsw\u00fcnschen und zur Pflege unserer Kontakte<\/p><\/li><li class=\"mb24\"><p>zum sicheren und stabilen Betrieb unserer Webseite<\/p><\/li><li class=\"mb24\"><p>f\u00fcr weitere Zwecke, die Ihnen jeweils angezeigt werden oder welche sich aus den Umst\u00e4nden ergeben (z.B. zu Schulungszwecken, zur Beziehungspflege, f\u00fcr Marketingzwecke etc.).<\/p><\/li><\/ul><\/div><div class=\"mt24 mb24 max830 preloaded__content fade\"><p>Ihre Personendaten werden indessen weder verkauft noch anderweitig an Dritte, welche diese Personendaten nicht in unserem Auftrag sowie nach unseren Vorgaben bearbeiten, weitergegeben.<\/p>\n<\/div><div class=\"mt24 mb24 max830 preloaded__content fade\"><h2>Auf welcher Rechtsgrundlage bearbeiten wir Ihre Personendaten?<\/h2>\n<\/div><div class=\"mt24 mb24 max830 preloaded__content fade\"><p>Wir bearbeiten Ihre Personendaten entweder<\/p>\n<\/div><div class=\"mt24 mb24 max830\"><ul><li class=\"mb24\"><p>gest\u00fctzt auf eine vertragliche Beziehung mit Ihnen (z.B. im Rahmen eines Behandlungsvertrags)<\/p><\/li><li class=\"mb24\"><p>gest\u00fctzt auf das Gesetz (z.B. mit Bezug auf die Rechnungslegung)<\/p><\/li><li class=\"mb24\"><p>gest\u00fctzt auf Ihre Einwilligung<\/p><\/li><li class=\"mb24\"><p>im Einzelfall: gest\u00fctzt auf ein \u00fcberwiegendes Interesse von Gutblick oder eines Dritten.<\/p><\/li><\/ul><\/div><div class=\"mt24 mb24 max830 preloaded__content fade\"><h2>Wie bearbeiten wir Ihre Personendaten?<\/h2>\n<\/div><div class=\"mt24 mb24 max830 preloaded__content fade\"><p>Die Datenschutzgesetzgebung legt die Grunds\u00e4tze fest, die von jedem einzuhalten sind, der mit personenbezogenen Daten in Ber\u00fchrung kommt. Nach diesen Grunds\u00e4tzen m\u00fcssen s\u00e4mtliche Personendaten<\/p>\n<\/div><div class=\"mt24 mb24 max830\"><ul><li class=\"mb24\"><p>rechtm\u00e4ssig, fair und in einer Ihnen gegen\u00fcber transparenten Weise bearbeitet werden<\/p><\/li><li class=\"mb24\"><p>f\u00fcr bestimmte, ausdr\u00fcckliche und rechtm\u00e4ssige Zwecke erhoben und nicht in einer Weise weiterbearbeitet werden, die mit diesen Zwecken unvereinbar ist<\/p><\/li><li class=\"mb24\"><p>dem Zweck angemessen und erheblich sowie auf das f\u00fcr die Zwecke der Bearbeitung notwendige Mass beschr\u00e4nkt sein<\/p><\/li><li class=\"mb24\"><p>sachlich richtig und erforderlichenfalls auf dem neuesten Stand sein; es sind alle angemessenen Massnahmen zu treffen, damit personenbezogene Daten, die im Hinblick auf die Zwecke ihrer Bearbeitung unrichtig sind, unverz\u00fcglich gel\u00f6scht oder berichtigt werden<\/p><\/li><li class=\"mb24\"><p>in einer Form aufbewahrt werden, die Ihre Identifizierung nicht l\u00e4nger als f\u00fcr die Zwecke, f\u00fcr die die personenbezogenen Daten bearbeitet werden, erforderlich ist; personenbezogene Daten k\u00f6nnen jedoch f\u00fcr l\u00e4ngere Zeitr\u00e4ume gespeichert werden, unter anderem zur Erf\u00fcllung gesetzlicher Vorgaben (z.B. Archivierungszwecken, zu wissenschaftlichen oder historischen Forschungszwecken, zu statistischen Zwecken etc.) oder bei legitimem Interesse (z.B. zur Durchsetzung einer Forderung f\u00fcr die Dauer des entsprechenden Prozesses)<\/p><\/li><li class=\"mb24\"><p>in einer Weise bearbeitet werden, die eine angemessene Sicherheit der personenbezogenen Daten gew\u00e4hrleistet, einschliesslich des Schutzes vor unbefugter oder unrechtm\u00e4ssiger Bearbeitung und vor unbeabsichtigtem Verlust, Zerst\u00f6rung oder Sch\u00e4digung durch geeignete technische oder organisatorische Massnahmen<\/p><\/li><\/ul><\/div><div class=\"mt24 mb24 max830 preloaded__content fade\"><h2>Wo speichern wir Ihre Personendaten?<\/h2>\n<\/div><div class=\"mt24 mb24 max830 preloaded__content fade\"><p>Wir sind ein schweizerischer Betrieb und alle Ihre sensitiven (insb. Gesundheitsdaten) und pers\u00f6nlichen Daten werden ausschliesslich auf Servern in der Schweiz oder innerhalb des EWR bearbeitet und gespeichert.<\/p>\n<\/div><div class=\"mt24 mb24 max830 preloaded__content fade\"><h2>Welche Rechte haben Sie?<\/h2>\n<\/div><div class=\"mt24 mb24 max830 preloaded__content fade\"><p>Sie haben nach der Datenschutzgesetzgebung folgende Rechte:<\/p>\n<\/div><div class=\"mt24 mb24 max830\"><ul><li class=\"mb24\"><p>das Recht, \u00fcber die Erhebung und Verwendung Ihrer personenbezogenen Daten informiert zu werden<\/p><\/li><li class=\"mb24\"><p>das Recht auf Auskunft mit Bezug auf Ihre durch uns bearbeiteten Personendaten<\/p><\/li><li class=\"mb24\"><p>das Recht auf Berichtigung, wenn Ihre personenbezogenen Daten bei uns unrichtig oder unvollst\u00e4ndig registriert sind<\/p><\/li><li class=\"mb24\"><p>das Recht die L\u00f6schung Ihrer personenbezogenen Daten zu verlangen<\/p><\/li><li class=\"mb24\"><p>das Recht, die Bearbeitung Ihrer personenbezogenen Daten einzuschr\u00e4nken (d.h. zu verhindern)<\/p><\/li><li class=\"mb24\"><p>das Recht, Ihre Zustimmung zur Bearbeitung Ihrer Personendaten zu widerrufen<\/p><\/li><li class=\"mb24\"><p>das Recht auf Daten\u00fcbertragbarkeit (Erhalt einer Kopie Ihrer elektronisch gespeicherten personenbezogenen Daten zur Weiterverwendung in einem anderen Spital oder einer anderen Organisation)<\/p><\/li><li class=\"mb24\"><p>das Recht, gegen eine Bearbeitung Ihrer personenbezogenen Daten durch uns Widerspruch einzulegen<\/p><\/li><\/ul><\/div><div class=\"mt24 mb24 max830 preloaded__content fade\"><p>Bitte beachten Sie, dass diese Rechte aufgrund entgegenstehender gesetzlicher Pflichten oder \u00fcberwiegender anderer Interessen im Einzelfall eingeschr\u00e4nkt sein k\u00f6nnen.<\/p>\n<\/div><div class=\"mt24 mb24 max830 preloaded__content fade\"><h2>Mit wem teilen wir Ihre Personendaten?<\/h2>\n<\/div><div class=\"mt24 mb24 max830 preloaded__content fade\"><p>Es ist m\u00f6glich, dass unsere Dienstleister, Lieferanten, sonstige Hilfspersonen (zum Beispiel bei Aufsetzung, Wartung und Unterhalt unserer IT-Systeme) sowie Dritte, mit welchen wir zusammenarbeiten (z.B. Spit\u00e4ler), welche unter Umst\u00e4nden nicht der \u00e4rztlichen Geheimhaltungspflicht unterliegen, Zugang zu bestimmten Personendaten haben. Diese Dritt-Personen werden von uns durch eine Auftragsdatenvereinbarung sowie durch Geheimhaltungsvereinbarungen vertraglich zur Einhaltung aller anwendbaren Datenschutzbestimmungen und zur Verschwiegenheit verpflichtet. Sie k\u00f6nnen jederzeit eine Liste mit den Kategorien unserer Dienstleister, Lieferanten, sonstigen Hilfspersonen und Dritten anfordern.<\/br><br \/>\nSodann teilen wir Ihre Personendaten unter Umst\u00e4nden und soweit notwendig (z.B. f\u00fcr die zentrale Administration der Vertragsbeziehung) mit unseren Gruppen-Gesellschaften. Auch dies erfolgt stets unter Einhaltung der Datenschutzgesetzgebung.<\/br><br \/>\nDes Weiteren sind wir unter Umst\u00e4nden gesetzlich verpflichtet, Ihre Daten mit den zust\u00e4ndigen Schweizer Beh\u00f6rden zu teilen (z.B. gest\u00fctzt auf das Krebsregistrierungsgesetz).<\/br><br \/>\n\u00dcbermittlung in ein Land ausserhalb des EWR:<br \/>\nWir \u00fcbermitteln grunds\u00e4tzlich keine Personendaten ausserhalb der Schweiz oder des EWR. Falls die \u00dcbermittlung personenbezogener Daten in ein Land ausserhalb des EWR (Europ\u00e4ischer Wirtschaftsraum) erforderlich w\u00e4re, erfolgt dies nur, wenn Vertragsklauseln oder andere Garantien, die der Datenschutzgesetzgebung entsprechen (z.B. Abschluss der EU Standardvertragsklauseln, welche auch in der Schweiz anerkannt sind), vorliegen.<\/p>\n<\/div><div class=\"mt24 mb24 max830 preloaded__content fade\"><h2>Was passiert bei Datenschutzverst\u00f6ssen?<\/h2>\n<\/div><div class=\"mt24 mb24 max830 preloaded__content fade\"><p>Wenn eine Datenschutzverletzung eintritt und diese Verletzung voraussichtlich ein hohes Risiko f\u00fcr Ihre pers\u00f6nlichen Rechte und Freiheiten darstellt (zum Beispiel wirtschaftlicher Schaden, Diskriminierung, Reputationsschaden oder anderer sozialer oder wirtschaftlicher Schaden), werden wir sicherzustellen, dass der Eidgen\u00f6ssische Datenschutz- und \u00d6ffentlichkeitsbeauftragte (ED\u00d6B) und gegebenenfalls, bei Anwendbarkeit der DSGVO, die zust\u00e4ndige Aufsichtsbeh\u00f6rde in der EU, unverz\u00fcglich, auf jeden Fall aber innerhalb von 72 Stunden nach Kenntnis \u00fcber den Verstoss, informiert wird. Bei Verletzung von Bestimmungen \u00fcber die Datensicherheit werden wir den ED\u00d6B unverz\u00fcglich informieren.<\/p>\n<\/div><div class=\"mt24 mb24 max830 preloaded__content fade\"><p>F\u00fcr den Fall, dass eine Datenschutzverletzung voraussichtlich ein hohes Risiko f\u00fcr Ihre pers\u00f6nlichen Rechte und Freiheiten darstellt, werden wir dar\u00fcber hinaus sicherstellen, dass alle betroffenen Patienten\/Datensubjekte direkt und ohne unn\u00f6tige Verz\u00f6gerung \u00fcber die Verletzung informiert werden.<\/p>\n<\/div><div class=\"mt24 mb24 max830 preloaded__content fade\"><h2>Unsere Massnahmen zum Schutz Ihrer Personendaten<\/h2>\n<\/div><div class=\"mt24 mb24 max830 preloaded__content fade\"><p>Wir haben die erforderlichen und geeigneten technischen und organisatorischen implementiert, um Ihre Personendaten vor Verlust, Weitergabe und unberechtigten Zugriffen zu sch\u00fctzen. Sie umfassen insbesondere den Erlass von Weisungen, Schulungen, IT- und Netzwerksicherheitsl\u00f6sungen, Passwortschutz, Zugangskontrollen und -beschr\u00e4nkungen sowie weitere Kontrollen, Pseudonymisierungen und Verschl\u00fcsselungen. Wir \u00fcberpr\u00fcfen unsere Sicherheitsrichtlinien und Prozesse zusammen mit unseren IT-Spezialisten regelm\u00e4ssig, um den Schutz Ihrer Daten sicherzustellen.<\/p>\n<\/div><div class=\"mt24 mb24 max830 preloaded__content fade\"><h2>Auf unserer Webseite verwendete Cookies<\/h2>\n<\/div><div class=\"mt24 mb24 max830 preloaded__content fade\"><p>Auf unserer Webseite verwenden wir Cookies und \u00e4hnliche Techniken (z.B. Pixel-Tags oder Fingerprints), um Website-Besucher wiederzuerkennen, ihr Verhalten auszuwerten und Pr\u00e4ferenzen zu erkennen.<br \/>\nCookies sind kleine Textdateien, die von Webseiten verwendet werden. Diese Textdatei wird vom Webserver an Ihren Browser \u00fcbermittelt, wenn Sie eine Website besuchen. Dabei wird das Cookie auf Ihrem lokalen Rechner gespeichert.<\/p>\n<\/div><div class=\"mt24 mb24 max830 preloaded__content fade\"><p>\u00dcber die Einstellungen Ihres Browsers k\u00f6nnen Sie die Verwendung von technisch nicht-notwendigen Cookies steuern und diese l\u00f6schen.<\/p>\n<\/div><div class=\"mt24 mb24 max830 preloaded__content fade\"><p>Wir verwenden Cookies, auch von Drittanbietern (sog. Third Party Cookies), um das Funktionieren sowie die Nutzerfreundlichkeit unserer Webseite sicherzustellen, Inhalte und Anzeigen zu personalisieren und die Zugriffe auf unsere Webseite zu analysieren.<\/p>\n<\/div><div class=\"mt24 mb24 max830 preloaded__content fade\"><p>Wir setzen ausgew\u00e4hlte Cookies von Drittanbietern (sog. Third Party Cookies) ein. Hierbei handelt es sich namentlich um Cookies zur Optimierung des Nutzerlebnisses und zur Ausspielung personalisierter Werbung. Anhand des Cookie-Banner weisen wir auf die Cookie-Nutzung hin. Sie haben jederzeit die M\u00f6glichkeit, \u00fcber die Cookie-Einstellungen in Ihrem Browser, die Verwendung der Cookies zu unterbinden.<\/p>\n<\/div><div class=\"mt24 mb24 max830 preloaded__content fade\"><p>Wir verwenden unterschiedliche Webanalysedienste, wie z.B. Google Analytics, bei ausgew\u00e4hlten Applikationen. Die Webanalysedienste verwenden Cookies, welche die Nutzung des digitalen Auftritts statistisch auswerten, um Informationen zwecks Verbesserung unserer Dienstleistungen zu erhalten. Ein R\u00fcckschluss auf einzelne Personen ist f\u00fcr uns nicht m\u00f6glich. Die dabei erzeugten Informationen k\u00f6nnen an einen Server im Ausland \u00fcbertragen und dort gespeichert werden. Sie k\u00f6nnen das Speichern der Cookies durch eine entsprechende Einstellung Ihrer Browsersoftware verhindern. Der Datenerhebung und -speicherung kann jederzeit mit Wirkung f\u00fcr die Zukunft widersprochen werden. N\u00e4here Informationen finden Sie in der Datenschutzerkl\u00e4rung von Google Analytics. <a href=\"https:\/\/support.google.com\/analytics\/answer\/6004245?hl=de\">https:\/\/support.google.com\/analytics\/answer\/6004245?hl=de<\/a><\/p>\n<\/div><div class=\"mt24 mb24 max830 preloaded__content fade\"><h2>\u00c4nderungen dieser Datenschutzerkl\u00e4rung<\/h2>\n<\/div><div class=\"mt24 mb24 max830 preloaded__content fade\"><p>Wir k\u00f6nnen diese Datenschutzerkl\u00e4rung von Zeit zu Zeit ohne Vorank\u00fcndigung \u00e4ndern (zum Beispiel, wenn sich das Gesetz \u00e4ndert). Alle \u00c4nderungen werden auf unserer Website ver\u00f6ffentlicht. Wir empfehlen Ihnen, diese Seite regelm\u00e4ssig zu besuchen, um auf dem Laufenden zu bleiben.<\/p>\n<\/div><div class=\"mt24 mb24 max830 preloaded__content fade\"><h2>Kontakt<\/h2>\n<\/div><div class=\"mt24 mb24 max830 preloaded__content fade\"><p>Bei Fragen zur Speicherung, Bearbeitung oder Archivierung Ihrer Personendaten oder wenn Sie Ihre Zustimmung zur Bearbeitung Ihrer Personendaten widerrufen m\u00f6chten, kontaktieren Sie uns gerne per E-Mail an <a href=\"mailto:datenschutz@gutblick.ch\">datenschutz@gutblick.ch<\/a> oder unter der oben angegebenen Adresse.<\/p>\n<\/div><\/div><\/div><\/div>","protected":false},"excerpt":{"rendered":"","protected":false},"author":5,"featured_media":0,"parent":0,"menu_order":0,"comment_status":"closed","ping_status":"closed","template":"","meta":{"_acf_changed":false,"footnotes":""},"class_list":["post-8407","page","type-page","status-publish","hentry"],"acf":[],"yoast_head":"<!-- This site is optimized with the Yoast SEO plugin v26.2 - https:\/\/yoast.com\/wordpress\/plugins\/seo\/ -->\n<title>Datenschutzerkl\u00e4rung und Cookie-Richtlinie - Augenarzt Wetzikon<\/title>\n<meta name=\"robots\" content=\"index, follow, max-snippet:-1, max-image-preview:large, max-video-preview:-1\" \/>\n<link rel=\"canonical\" href=\"https:\/\/www.augenaerzte-wetzikon.ch\/augenarzt\/datenschutzerklaerung\/\" \/>\n<meta property=\"og:locale\" content=\"de_DE\" \/>\n<meta property=\"og:type\" content=\"article\" \/>\n<meta property=\"og:title\" content=\"Datenschutzerkl\u00e4rung und Cookie-Richtlinie - Augenarzt Wetzikon\" \/>\n<meta property=\"og:url\" content=\"https:\/\/www.augenaerzte-wetzikon.ch\/augenarzt\/datenschutzerklaerung\/\" \/>\n<meta property=\"og:site_name\" content=\"Augen\u00e4rzte Wetzikon\" \/>\n<meta property=\"article:modified_time\" content=\"2024-08-29T09:25:56+00:00\" \/>\n<meta name=\"twitter:card\" content=\"summary_large_image\" \/>\n<script type=\"application\/ld+json\" class=\"yoast-schema-graph\">{\"@context\":\"https:\/\/schema.org\",\"@graph\":[{\"@type\":\"WebPage\",\"@id\":\"https:\/\/www.augenaerzte-wetzikon.ch\/augenarzt\/datenschutzerklaerung\/\",\"url\":\"https:\/\/www.augenaerzte-wetzikon.ch\/augenarzt\/datenschutzerklaerung\/\",\"name\":\"Datenschutzerkl\u00e4rung und Cookie-Richtlinie - Augenarzt Wetzikon\",\"isPartOf\":{\"@id\":\"https:\/\/www.augenaerzte-wetzikon.ch\/augenarzt\/#website\"},\"datePublished\":\"2022-10-12T15:46:23+00:00\",\"dateModified\":\"2024-08-29T09:25:56+00:00\",\"breadcrumb\":{\"@id\":\"https:\/\/www.augenaerzte-wetzikon.ch\/augenarzt\/datenschutzerklaerung\/#breadcrumb\"},\"inLanguage\":\"de-DE\",\"potentialAction\":[{\"@type\":\"ReadAction\",\"target\":[\"https:\/\/www.augenaerzte-wetzikon.ch\/augenarzt\/datenschutzerklaerung\/\"]}]},{\"@type\":\"BreadcrumbList\",\"@id\":\"https:\/\/www.augenaerzte-wetzikon.ch\/augenarzt\/datenschutzerklaerung\/#breadcrumb\",\"itemListElement\":[{\"@type\":\"ListItem\",\"position\":1,\"name\":\"Home\",\"item\":\"https:\/\/www.augenaerzte-wetzikon.ch\/augenarzt\/\"},{\"@type\":\"ListItem\",\"position\":2,\"name\":\"Datenschutzerkl\u00e4rung und Cookie-Richtlinie\"}]},{\"@type\":\"WebSite\",\"@id\":\"https:\/\/www.augenaerzte-wetzikon.ch\/augenarzt\/#website\",\"url\":\"https:\/\/www.augenaerzte-wetzikon.ch\/augenarzt\/\",\"name\":\"Augen\u00e4rzte Wetzikon\",\"description\":\"\",\"publisher\":{\"@id\":\"https:\/\/www.augenaerzte-wetzikon.ch\/augenarzt\/#organization\"},\"potentialAction\":[{\"@type\":\"SearchAction\",\"target\":{\"@type\":\"EntryPoint\",\"urlTemplate\":\"https:\/\/www.augenaerzte-wetzikon.ch\/augenarzt\/?s={search_term_string}\"},\"query-input\":{\"@type\":\"PropertyValueSpecification\",\"valueRequired\":true,\"valueName\":\"search_term_string\"}}],\"inLanguage\":\"de-DE\"},{\"@type\":\"Organization\",\"@id\":\"https:\/\/www.augenaerzte-wetzikon.ch\/augenarzt\/#organization\",\"name\":\"Augen\u00e4rzte Wetzikon Zentrum Leue\",\"url\":\"https:\/\/www.augenaerzte-wetzikon.ch\/augenarzt\/\",\"logo\":{\"@type\":\"ImageObject\",\"inLanguage\":\"de-DE\",\"@id\":\"https:\/\/www.augenaerzte-wetzikon.ch\/augenarzt\/#\/schema\/logo\/image\/\",\"url\":\"https:\/\/www.augenaerzte-wetzikon.ch\/augenarzt\/app\/uploads\/2022\/08\/Wetzikon-Leue-pos_RGB.svg\",\"contentUrl\":\"https:\/\/www.augenaerzte-wetzikon.ch\/augenarzt\/app\/uploads\/2022\/08\/Wetzikon-Leue-pos_RGB.svg\",\"caption\":\"Augen\u00e4rzte Wetzikon Zentrum Leue\"},\"image\":{\"@id\":\"https:\/\/www.augenaerzte-wetzikon.ch\/augenarzt\/#\/schema\/logo\/image\/\"}}]}<\/script>\n<!-- \/ Yoast SEO plugin. -->","yoast_head_json":{"title":"Datenschutzerkl\u00e4rung und Cookie-Richtlinie - Augenarzt Wetzikon","robots":{"index":"index","follow":"follow","max-snippet":"max-snippet:-1","max-image-preview":"max-image-preview:large","max-video-preview":"max-video-preview:-1"},"canonical":"https:\/\/www.augenaerzte-wetzikon.ch\/augenarzt\/datenschutzerklaerung\/","og_locale":"de_DE","og_type":"article","og_title":"Datenschutzerkl\u00e4rung und Cookie-Richtlinie - Augenarzt Wetzikon","og_url":"https:\/\/www.augenaerzte-wetzikon.ch\/augenarzt\/datenschutzerklaerung\/","og_site_name":"Augen\u00e4rzte Wetzikon","article_modified_time":"2024-08-29T09:25:56+00:00","twitter_card":"summary_large_image","schema":{"@context":"https:\/\/schema.org","@graph":[{"@type":"WebPage","@id":"https:\/\/www.augenaerzte-wetzikon.ch\/augenarzt\/datenschutzerklaerung\/","url":"https:\/\/www.augenaerzte-wetzikon.ch\/augenarzt\/datenschutzerklaerung\/","name":"Datenschutzerkl\u00e4rung und Cookie-Richtlinie - Augenarzt Wetzikon","isPartOf":{"@id":"https:\/\/www.augenaerzte-wetzikon.ch\/augenarzt\/#website"},"datePublished":"2022-10-12T15:46:23+00:00","dateModified":"2024-08-29T09:25:56+00:00","breadcrumb":{"@id":"https:\/\/www.augenaerzte-wetzikon.ch\/augenarzt\/datenschutzerklaerung\/#breadcrumb"},"inLanguage":"de-DE","potentialAction":[{"@type":"ReadAction","target":["https:\/\/www.augenaerzte-wetzikon.ch\/augenarzt\/datenschutzerklaerung\/"]}]},{"@type":"BreadcrumbList","@id":"https:\/\/www.augenaerzte-wetzikon.ch\/augenarzt\/datenschutzerklaerung\/#breadcrumb","itemListElement":[{"@type":"ListItem","position":1,"name":"Home","item":"https:\/\/www.augenaerzte-wetzikon.ch\/augenarzt\/"},{"@type":"ListItem","position":2,"name":"Datenschutzerkl\u00e4rung und Cookie-Richtlinie"}]},{"@type":"WebSite","@id":"https:\/\/www.augenaerzte-wetzikon.ch\/augenarzt\/#website","url":"https:\/\/www.augenaerzte-wetzikon.ch\/augenarzt\/","name":"Augen\u00e4rzte Wetzikon","description":"","publisher":{"@id":"https:\/\/www.augenaerzte-wetzikon.ch\/augenarzt\/#organization"},"potentialAction":[{"@type":"SearchAction","target":{"@type":"EntryPoint","urlTemplate":"https:\/\/www.augenaerzte-wetzikon.ch\/augenarzt\/?s={search_term_string}"},"query-input":{"@type":"PropertyValueSpecification","valueRequired":true,"valueName":"search_term_string"}}],"inLanguage":"de-DE"},{"@type":"Organization","@id":"https:\/\/www.augenaerzte-wetzikon.ch\/augenarzt\/#organization","name":"Augen\u00e4rzte Wetzikon Zentrum Leue","url":"https:\/\/www.augenaerzte-wetzikon.ch\/augenarzt\/","logo":{"@type":"ImageObject","inLanguage":"de-DE","@id":"https:\/\/www.augenaerzte-wetzikon.ch\/augenarzt\/#\/schema\/logo\/image\/","url":"https:\/\/www.augenaerzte-wetzikon.ch\/augenarzt\/app\/uploads\/2022\/08\/Wetzikon-Leue-pos_RGB.svg","contentUrl":"https:\/\/www.augenaerzte-wetzikon.ch\/augenarzt\/app\/uploads\/2022\/08\/Wetzikon-Leue-pos_RGB.svg","caption":"Augen\u00e4rzte Wetzikon Zentrum Leue"},"image":{"@id":"https:\/\/www.augenaerzte-wetzikon.ch\/augenarzt\/#\/schema\/logo\/image\/"}}]}},"_links":{"self":[{"href":"https:\/\/www.augenaerzte-wetzikon.ch\/augenarzt\/wp-json\/wp\/v2\/pages\/8407","targetHints":{"allow":["GET"]}}],"collection":[{"href":"https:\/\/www.augenaerzte-wetzikon.ch\/augenarzt\/wp-json\/wp\/v2\/pages"}],"about":[{"href":"https:\/\/www.augenaerzte-wetzikon.ch\/augenarzt\/wp-json\/wp\/v2\/types\/page"}],"author":[{"embeddable":true,"href":"https:\/\/www.augenaerzte-wetzikon.ch\/augenarzt\/wp-json\/wp\/v2\/users\/5"}],"replies":[{"embeddable":true,"href":"https:\/\/www.augenaerzte-wetzikon.ch\/augenarzt\/wp-json\/wp\/v2\/comments?post=8407"}],"version-history":[{"count":5,"href":"https:\/\/www.augenaerzte-wetzikon.ch\/augenarzt\/wp-json\/wp\/v2\/pages\/8407\/revisions"}],"predecessor-version":[{"id":10251,"href":"https:\/\/www.augenaerzte-wetzikon.ch\/augenarzt\/wp-json\/wp\/v2\/pages\/8407\/revisions\/10251"}],"wp:attachment":[{"href":"https:\/\/www.augenaerzte-wetzikon.ch\/augenarzt\/wp-json\/wp\/v2\/media?parent=8407"}],"curies":[{"name":"wp","href":"https:\/\/api.w.org\/{rel}","templated":true}]}}